{"id":54,"date":"2025-06-10T12:59:24","date_gmt":"2025-06-10T12:59:24","guid":{"rendered":"https:\/\/diyhelsinki.fi\/?page_id=54"},"modified":"2025-06-10T12:59:36","modified_gmt":"2025-06-10T12:59:36","slug":"a-safer-space","status":"publish","type":"page","link":"https:\/\/diyhelsinki.fi\/index.php\/a-safer-space\/","title":{"rendered":""},"content":{"rendered":"\n<h1 class=\"wp-block-heading\"><strong>A safer space<\/strong><\/h1>\n\n\n\n<p><\/p>\n\n\n\n<p>The safer space practices of DIY Helsinki.<\/p>\n\n\n\n<p>1.Any and all harrasment and violence is prohibited at our events.<\/p>\n\n\n\n<ol class=\"wp-block-list\"><\/ol>\n\n\n\n<p>2. Avoid making assumptions of another persons background, gender, sexuality or other features.<\/p>\n\n\n\n<p>3. Give people the necessary space, and bodily peace.<\/p>\n\n\n\n<p>4. Note the other people in the conversation: dont talk over them, and acknowledge that some topics might be sensitive to some.<\/p>\n\n\n\n<p>5. Be ready to listen, take responsibility and change your behaviour if you\u2019re acting against the practices of a safer space.<\/p>\n\n\n\n<p><\/p>\n\n\n\n<p>If you encounter harassment or behaviour that goes against the safe space practices, you can tell the event organizers, or a harassment liaison person, whom you can recognize of their \u201cDIY Helsinki ry &#8211; H\u00e4irint\u00e4yhteyshenkil\u00f6\u201d patch. You can give feedback or proposals for a safer space on our social media, or e-mail us at kruununmakasiini@diyhelsinki.fi<\/p>\n\n\n\n<p><\/p>\n\n\n\n<p>A safer space is built together, so we love to get feedback! After every event our organizers go through a conversation about how we have implemented our practices of a safer space, and our association develops our policy as needed.<\/p>\n","protected":false},"excerpt":{"rendered":"<p>A safer space The safer space practices of DIY Helsinki. 1.Any and all harrasment and violence is prohibited at our events. 2. Avoid making assumptions of another persons background, gender, sexuality or other features. 3. Give people the necessary space, and bodily peace. 4. Note the other people in the conversation: dont talk over them, [&hellip;]<\/p>\n","protected":false},"author":1,"featured_media":0,"parent":0,"menu_order":0,"comment_status":"closed","ping_status":"closed","template":"","meta":{"footnotes":""},"class_list":["post-54","page","type-page","status-publish","hentry"],"_links":{"self":[{"href":"https:\/\/diyhelsinki.fi\/index.php\/wp-json\/wp\/v2\/pages\/54","targetHints":{"allow":["GET"]}}],"collection":[{"href":"https:\/\/diyhelsinki.fi\/index.php\/wp-json\/wp\/v2\/pages"}],"about":[{"href":"https:\/\/diyhelsinki.fi\/index.php\/wp-json\/wp\/v2\/types\/page"}],"author":[{"embeddable":true,"href":"https:\/\/diyhelsinki.fi\/index.php\/wp-json\/wp\/v2\/users\/1"}],"replies":[{"embeddable":true,"href":"https:\/\/diyhelsinki.fi\/index.php\/wp-json\/wp\/v2\/comments?post=54"}],"version-history":[{"count":2,"href":"https:\/\/diyhelsinki.fi\/index.php\/wp-json\/wp\/v2\/pages\/54\/revisions"}],"predecessor-version":[{"id":56,"href":"https:\/\/diyhelsinki.fi\/index.php\/wp-json\/wp\/v2\/pages\/54\/revisions\/56"}],"wp:attachment":[{"href":"https:\/\/diyhelsinki.fi\/index.php\/wp-json\/wp\/v2\/media?parent=54"}],"curies":[{"name":"wp","href":"https:\/\/api.w.org\/{rel}","templated":true}]}}